{"id":2446,"date":"2021-05-18T10:38:09","date_gmt":"2021-05-18T08:38:09","guid":{"rendered":"https:\/\/staging-autorenbetreuung.ibidem.eu\/?page_id=2446"},"modified":"2021-08-06T12:26:59","modified_gmt":"2021-08-06T10:26:59","slug":"vortraege-leitung-von-fortbildungen","status":"publish","type":"page","link":"https:\/\/staging.autorenbetreuung.de\/en\/autoren\/jens-f-heiderich\/vortraege-leitung-von-fortbildungen\/","title":{"rendered":"Vortr\u00e4ge Leitung von Fortbildungen"},"content":{"rendered":"<p><div class=\"fusion-fullwidth fullwidth-box fusion-builder-row-1 nonhundred-percent-fullwidth non-hundred-percent-height-scrolling\" style=\"background-color: rgba(255,255,255,0);background-position: left top;background-repeat: no-repeat;padding-top:20px;padding-right:0px;padding-bottom:0px;padding-left:0px;margin-bottom: 0px;margin-top: 0px;border-width: 0px 0px 0px 0px;border-color:#eae9e9;border-style:solid;\" ><div class=\"fusion-builder-row fusion-row\"><div class=\"fusion-layout-column fusion_builder_column fusion-builder-column-0 fusion_builder_column_1_1 1_1 fusion-one-full fusion-column-first fusion-column-last fusion-column-no-min-height\" style=\"margin-top:0px;margin-bottom:0px;\"><div class=\"fusion-column-wrapper fusion-flex-column-wrapper-legacy\" style=\"background-position:left top;background-repeat:no-repeat;-webkit-background-size:cover;-moz-background-size:cover;-o-background-size:cover;background-size:cover;padding: 0px 0px 0px 0px;\"><div class=\"fusion-sep-clear\"><\/div><div class=\"fusion-separator fusion-full-width-sep\" style=\"margin-left: auto;margin-right: auto;margin-top:0px;margin-bottom:0px;width:100%;\"><div class=\"fusion-separator-border sep-single sep-solid\" style=\"border-color:#3a6fa5;border-top-width:5px;\"><\/div><\/div><div class=\"fusion-sep-clear\"><\/div><div class=\"fusion-clearfix\"><\/div><\/div><\/div><div class=\"fusion-layout-column fusion_builder_column fusion-builder-column-1 fusion_builder_column_1_3 1_3 fusion-one-third fusion-column-first\" style=\"width:30.6666%; margin-right: 4%;margin-top:0px;margin-bottom:20px;\"><div class=\"fusion-column-wrapper fusion-flex-column-wrapper-legacy\" style=\"background-position:left top;background-repeat:no-repeat;-webkit-background-size:cover;-moz-background-size:cover;-o-background-size:cover;background-size:cover;background-color:#ffffff;border-width: 1px 1px 1px 1px;border-color:#e2e2e2;border-style:solid;padding: 40px 60px 40px 60px;\"><div class=\"fusion-widget fusion-widget-element fusion-widget-area fusion-content-widget-area wpWidget-1\" style=\"border-width:0px;border-style:solid;\"><div class=\"widget widget_nav_menu\"><div class=\"heading\"><h4 class=\"widget-title\">Navigation<\/h4><\/div><div class=\"menu-autor_michael_frings-container\"><ul id=\"menu-autor_michael_frings\" class=\"menu\"><li id=\"menu-item-1224\" class=\"menu-item menu-item-type-post_type menu-item-object-page menu-item-1224\"><a href=\"https:\/\/staging.autorenbetreuung.de\/en\/autoren\/michaelfrings\/\">Startseite<\/a><\/li>\n<li id=\"menu-item-1227\" class=\"menu-item menu-item-type-post_type menu-item-object-page menu-item-1227\"><a href=\"https:\/\/staging.autorenbetreuung.de\/en\/autoren\/michaelfrings\/sebastian-muenster-gymnasium-in-ingelheim\/\">Sebastian-M\u00fcnster-Gymnasium in Ingelheim<\/a><\/li>\n<li id=\"menu-item-2508\" class=\"menu-item menu-item-type-post_type menu-item-object-page menu-item-2508\"><a href=\"https:\/\/staging.autorenbetreuung.de\/en\/autoren\/michaelfrings\/zentrum-schulleitung-und-personalfuehrung\/\">Zentrum Schulleitung und Personalf\u00fchrung<\/a><\/li>\n<li id=\"menu-item-2507\" class=\"menu-item menu-item-type-post_type menu-item-object-page menu-item-2507\"><a href=\"https:\/\/staging.autorenbetreuung.de\/en\/autoren\/michaelfrings\/zeitschrift-fuer-romanische-sprachen-und-ihre-didaktik\/\">Zeitschrift f\u00fcr Romanische Sprachen und ihre Didaktik<\/a><\/li>\n<li id=\"menu-item-2506\" class=\"menu-item menu-item-type-post_type menu-item-object-page menu-item-2506\"><a href=\"https:\/\/staging.autorenbetreuung.de\/en\/autoren\/michaelfrings\/schriftenreihe-romanische-sprachen-und-ihre-didaktik\/\">Schriftenreihe Romanische Sprachen und ihre Didaktik<\/a><\/li>\n<li id=\"menu-item-2505\" class=\"menu-item menu-item-type-post_type menu-item-object-page menu-item-2505\"><a href=\"https:\/\/staging.autorenbetreuung.de\/en\/autoren\/michaelfrings\/schriftenreihe-franzoesischdidaktik-im-dialog\/\">Schriftenreihe Franz\u00f6sischdidaktik im Dialog<\/a><\/li>\n<li id=\"menu-item-2504\" class=\"menu-item menu-item-type-post_type menu-item-object-page menu-item-2504\"><a href=\"https:\/\/staging.autorenbetreuung.de\/en\/autoren\/michaelfrings\/sektionsleitungen-lehrveranstaltungen-schriftenverzeichnis\/\">Sektionsleitungen, Lehrveranstaltungen, Schriftenverzeichnis<\/a><\/li>\n<\/ul><\/div><\/div><\/div><div class=\"fusion-sep-clear\"><\/div><div class=\"fusion-separator fusion-full-width-sep\" style=\"margin-left: auto;margin-right: auto;margin-top:20px;width:100%;\"><\/div><div class=\"fusion-sep-clear\"><\/div><div class=\"fusion-clearfix\"><\/div><\/div><\/div><div class=\"fusion-layout-column fusion_builder_column fusion-builder-column-2 fusion_builder_column_2_3 2_3 fusion-two-third fusion-column-last\" style=\"width:65.3333%;margin-top:0px;margin-bottom:20px;\"><div class=\"fusion-column-wrapper fusion-flex-column-wrapper-legacy\" style=\"background-position:left top;background-repeat:no-repeat;-webkit-background-size:cover;-moz-background-size:cover;-o-background-size:cover;background-size:cover;background-color:#ffffff;border-width: 1px 1px 1px 1px;border-color:#e2e2e2;border-style:solid;padding: 40px 60px 40px 60px;\"><div class=\"imageframe-align-center\"><span class=\" fusion-imageframe imageframe-none imageframe-1 hover-type-none\"><img width=\"1031\" height=\"180\" title=\"headerbild_v9\" src=\"https:\/\/staging.autorenbetreuung.de\/wp-content\/uploads\/headerbild_v9.jpg\" class=\"img-responsive wp-image-2426\" srcset=\"https:\/\/staging.autorenbetreuung.de\/wp-content\/uploads\/headerbild_v9-200x35.jpg 200w, https:\/\/staging.autorenbetreuung.de\/wp-content\/uploads\/headerbild_v9-400x70.jpg 400w, https:\/\/staging.autorenbetreuung.de\/wp-content\/uploads\/headerbild_v9-600x105.jpg 600w, https:\/\/staging.autorenbetreuung.de\/wp-content\/uploads\/headerbild_v9-800x140.jpg 800w, https:\/\/staging.autorenbetreuung.de\/wp-content\/uploads\/headerbild_v9.jpg 1031w\" sizes=\"(max-width: 850px) 100vw, 800px\" \/><\/span><\/div><div class=\"fusion-text fusion-text-1\"><header>\n<h1><strong>Vortr\u00e4ge und Leitung von Fortbildungen\/Workshops (Auswahl)<\/strong><\/h1>\n<\/header>\n<section class=\"row\">\n<table>\n<tbody>\n<tr>\n<td valign=\"top\" width=\"227\">8. November 2008<\/td>\n<td width=\"377\">[zusammen mit Michael Frings]<em>\u00a0D\u00e9couvrir Saint-Denis \u00e0 travers un lip du slameur Grand Corps Malade.<\/em> (Martin-Luther-Universit\u00e4t Halle: Tagung <em>Film im Fremdsprachenunterricht)<\/em><\/td>\n<\/tr>\n<tr>\n<td valign=\"top\" width=\"227\">29. September 2009<\/td>\n<td width=\"377\"><em>\u201eBienvenue chez les Ch\u2019tis.\u201c Mediale Inszenierung potenzierter Authentizit\u00e4t im Franz\u00f6sischunterricht.<\/em> (Universit\u00e4t Bonn: XXXI. Deutscher Romanistentag, Sektion 5.2: <em>Authentizit\u00e4t im Unterricht romanischer Sprachen)<\/em><\/td>\n<\/tr>\n<tr>\n<td valign=\"top\" width=\"227\">9. Juli 2010<\/td>\n<td width=\"377\"><em>K\u00f6rper am Rande, Texte in Bewegung. \u201aQueere\u2019 Raumkonzeptionen im Werk Hubert Fichtes. (<\/em>Universit\u00e4t Trier: Centrum f\u00fcr Postcolonial und Gender Studies, Interdisziplin\u00e4res Kolloquium f\u00fcr (Post-)Doktoranden)<\/td>\n<\/tr>\n<tr>\n<td valign=\"top\" width=\"227\">7. Mai 2012<\/td>\n<td width=\"377\">[zusammen mit Michael Frings] <em>Leitung der Lehrerfortbildung \u201e\u00d6konomische Bildung im Franz\u00f6sischunterricht?!\u201c<\/em> (gef\u00f6rdert durch das P\u00e4dagogische Landesinstitut, Mainz)<\/td>\n<\/tr>\n<tr>\n<td valign=\"top\" width=\"227\">20. September 2012<\/td>\n<td width=\"377\">[zusammen mit Michael Frings] <em>Leitung des Workshops \u201e\u00d6konomische Bildung im (fremd-)sprachlichen Bereich\u201c auf der Fachtagung \u201e\u00d6konomische Bildung in der Sekundarstufe I\u201c<\/em> (Landesarbeitsgemeinschaft SchuleWirtschaft, Mainz)<\/td>\n<\/tr>\n<tr>\n<td valign=\"top\" width=\"227\">12. Juni 2014<\/td>\n<td width=\"377\"><em>\u00dcberpr\u00fcfung der Rechtschreibkompetenz jenseits von Diktaten<\/em> (Regionale Fachberatung Deutsch im Bezirk Rheinhessen, Fachdienstbesprechung, Mainz)<\/td>\n<\/tr>\n<tr>\n<td valign=\"top\" width=\"227\">24. Juni 2014<\/td>\n<td width=\"377\">[zusammen mit Tamara Choitz und Olga Haas] <em>Leitung des Workshops \u201eDas Bild des arbeitenden Menschen \u2013 gestern und heute\u201c auf der Fachtagung \u201eNon solo lingue \u2013 Vernetzung von sprachlichen und nicht-sprachlichen F\u00e4chern\u201c <\/em>(P\u00e4dagogisches Landesinstitut Rheinland-Pfalz, Boppard)<\/td>\n<\/tr>\n<tr>\n<td valign=\"top\" width=\"227\">10. Juli 2014<\/td>\n<td width=\"377\"><em>Leitung des Workshops \u201e\u00d6konomische Bildung im Deutschunterricht\u201c auf der Fachtagung \u201e\u00d6konomische Bildung in der Sekundarstufe I\u201c<\/em> (Landesarbeitsgemeinschaft SchuleWirtschaft, Mainz)<\/td>\n<\/tr>\n<tr>\n<td valign=\"top\" width=\"227\">27. September 2014<\/td>\n<td width=\"377\"><em>Interkulturelle Arbeitswelten in Am\u00e9lie Nothombs \u201eStupeur et tremblements\u201c (1999). Ein Beitrag zu theoretischen und praktischen Kontexten \u00f6konomischer Bildung im Franz\u00f6sischunterricht.<\/em> (Westf\u00e4lische Wilhelms-Universit\u00e4t M\u00fcnster: 9. Kongress des Frankoromanistenverbands, Sektion 1: Das Franz\u00f6sische im wirtschaftlichen Kontext)<\/td>\n<\/tr>\n<tr>\n<td valign=\"top\" width=\"227\">29.-30. September 2014<\/td>\n<td width=\"377\">[zusammen mit Ilse Marzouk] <em>Schriftliches und m\u00fcndliches Abitur im Fach Deutsch. <\/em>(P\u00e4dagogisches Landesinstitut <span style=\"font-family: inherit; font-size: inherit;\">Rheinland-Pfalz, Speyer)<\/span><\/td>\n<\/tr>\n<tr>\n<td valign=\"top\" width=\"227\">8. Mai 2015<\/td>\n<td width=\"377\"><em>Theorie und Praxis in der Deutschlehrerinnen und -lehrerausbildung. Von verfeindeten Schwestern, m\u00f6glichen Vers\u00f6hnungen und dem Vorteil hoher Leistungsanforderungen.<\/em> (Friedrich-Schiller-Universit\u00e4t Jena: Tagung \u201eGermanistik meets Schule\u201c \u2013 Jenaer Gespr\u00e4che \u00fcber die theoretische und praktische Ausbildung von Lehr\u00e4mtern)<\/td>\n<\/tr>\n<tr>\n<td valign=\"top\" width=\"227\">20. Mai 2015<\/td>\n<td width=\"377\"><em>Filmbildung im Franz\u00f6sischunterricht. Mediale und unterrichtliche Inszenierung im Zusammenspiel<\/em> (Johannes Gutenberg-Universit\u00e4t Mainz)<\/td>\n<\/tr>\n<tr>\n<td valign=\"top\" width=\"227\">9. Oktober 2015<\/td>\n<td width=\"377\"><em>Filmische Verhandlungen des \u00d6konomischen im Deutschunterricht. Relevanz und Beispiele<\/em> (P\u00e4dagogische Hochschule Freiburg: Tagung Neue Wege der Filmbildung 2015)<\/td>\n<\/tr>\n<tr>\n<td valign=\"top\" width=\"227\">7. November 2015<\/td>\n<td width=\"377\"><em>Inklusion und Filmbildung. Perspektiven aus der Deutschdidaktik.<\/em> (Johannes Gutenberg-Universit\u00e4t Mainz: Tagung Migration, Mehrsprachigkeit und Inklusion: Herausforderungen und Chancen f\u00fcr den Fremdsprachenunterricht)<\/td>\n<\/tr>\n<tr>\n<td valign=\"top\" width=\"227\">13.-14. Juni 2016<\/td>\n<td width=\"377\">[zusammen mit Simone Jungbluth] <em>Schriftliches und m\u00fcndliches Abitur im Fach Deutsch (nach den Vorgaben der Bildungsstandards f\u00fcr die Allgemeine Hochschulreife).<\/em> (Institut f\u00fcr Lehrerfort- und Weiterbildung, Ludwigshafen)<\/td>\n<\/tr>\n<tr>\n<td valign=\"top\" width=\"227\">28. Juni 2016<\/td>\n<td width=\"377\"><em>Zur Konzeption und Evaluation integrativer Lehrkonzepte in der Deutschlehrerinnen und -lehrerausbildung<\/em>. (Schloss Herrenhausen, Hannover: Tagung Humboldt ade \u2013 Bologna, oh je? Lehre gestalten! Debatte zu Praxis und Bildungsverst\u00e4ndnis von Studienreformprojekten)<\/td>\n<\/tr>\n<tr>\n<td valign=\"top\" width=\"227\">2. Juli 2016<\/td>\n<td width=\"377\"><em>Gewaltdarstellung und Widerstandspotential der \u201awahren\u2018 Kunst. Alfred Anderschs \u201eWinterspelt\u201c im Deutschunterricht der Sekundarstufe II<\/em>. (Univerzita Komensk\u00e9ho, Bratislava, Slowakei: XII. Tagung des Verbandes der Deutschlehrer und Germanisten der Slowakei. Gewalt und Sprache)<\/td>\n<\/tr>\n<tr>\n<td valign=\"top\" width=\"227\">26. September 2016<\/td>\n<td width=\"377\"><em>Theatertrailer im Literaturunterricht. Gattungsbestimmung, unterrichtliches Potential, Beispiele<\/em>. (Universit\u00e4t Bayreuth: 25. Deutscher Germanistentag 2016)<\/td>\n<\/tr>\n<tr>\n<td valign=\"top\" width=\"227\">19. November 2016<\/td>\n<td width=\"377\"><em>Generation Praktikum, g\u00e9n\u00e9ration pr\u00e9caire, generazione mille euro. Prek\u00e4re Arbeitsbedingungen extra- und intraliterarisch<\/em>. (Institut f\u00fcr Deutsche Sprache, Mannheim. Tagung <em>Diskurs \u2013 kontrastiv<\/em>)<\/td>\n<\/tr>\n<tr>\n<td valign=\"top\" width=\"227\">28. April 2017<\/td>\n<td width=\"377\"><em>Hubert Fichtes Grenzr\u00e4ume<\/em>. (University of London, London, UK. Tagung <em>From Sarmatia to Mare Nostrum. Borderland Spaces in German-Language Literature and other Media. Conference to mark the Centenary of Johannes Bobrowski\u2019s Birth<\/em>)<\/td>\n<\/tr>\n<tr>\n<td valign=\"top\" width=\"227\">3.-4. Mai 2017<\/td>\n<td width=\"377\">[zusammen mit Simone Jungbluth] <em>Schriftliches und m\u00fcndliches Abitur im Fach Deutsch (nach den Vorgaben der Bildungsstandards f\u00fcr die Allgemeine Hochschulreife).<\/em> (Institut f\u00fcr Lehrerfort- und Weiterbildung, Mainz)<\/td>\n<\/tr>\n<tr>\n<td valign=\"top\" width=\"227\">29. Mai 2017<\/td>\n<td width=\"377\"><em>Jugendliteratur im Deutschunterricht \u2013 didaktisch-methodische Dimensionen zu \u201eLil April\u201c von Stephanie Gessner. Literarisches Lernen mit Theatertrailern am Beispiel von Falk Richters \u201eTrust\u201c<\/em> (Regionale Fachberatung Deutsch im Bezirk Rheinhessen, Fachdienstbesprechung, Mainz)<\/td>\n<\/tr>\n<tr>\n<td valign=\"top\" width=\"227\">16.-17. August 2017<\/td>\n<td width=\"377\">[zusammen mit Simone Jungbluth] <em>Schriftliches und m\u00fcndliches Abitur im Fach Deutsch (nach den Vorgaben der Bildungsstandards f\u00fcr die Allgemeine Hochschulreife).<\/em> \u00a0(P\u00e4dagogisches Landesinstitut Rheinland-Pfalz, Speyer)<\/td>\n<\/tr>\n<tr>\n<td valign=\"top\" width=\"227\">2.-3. Mai 2018<\/td>\n<td width=\"377\">[zusammen mit Simone Jungbluth] <em>Schriftliches und m\u00fcndliches Abitur im Fach Deutsch (nach den Vorgaben der Bildungsstandards f\u00fcr die Allgemeine Hochschulreife).<\/em> (P\u00e4dagogisches Landesinstitut Rheinland-Pfalz, Speyer)<\/td>\n<\/tr>\n<tr>\n<td valign=\"top\" width=\"227\">15. Mai 2018<\/td>\n<td width=\"377\"><em>Materialgest\u00fctztes Schreiben in der Sekundarstufe II unter besonderer Ber\u00fccksichtigung des argumentierenden Schreibens.<\/em> (Regionale Fachberatung Deutsch im Bezirk Rheinhessen, Fachdienstbesprechung, Mainz)<\/td>\n<\/tr>\n<tr>\n<td valign=\"top\" width=\"227\">9. Juni 2018<\/td>\n<td width=\"377\"><em>\u201eSolange die Musik spielt, tanzen wir.\u201c \u201aHimbeerreiche\u2018 und \u00d6konomie auf der B\u00fchne, im Trailer und im Literaturunterricht.<\/em> (Universit\u00e4t Koblenz: Tagung \u00d6konomische Bildung und \u00f6konomisches Wissen im Literaturunterricht? Perspektiven, Kritik und didaktisch-methodische Zug\u00e4nge)<\/td>\n<\/tr>\n<tr>\n<td valign=\"top\" width=\"227\">13.-14. Mai 2019<\/td>\n<td width=\"377\">[zusammen mit Simone Jungbluth] <em>Schriftliches und m\u00fcndliches Abitur im Fach Deutsch (nach den Vorgaben der Bildungsstandards f\u00fcr die Allgemeine Hochschulreife).<\/em> (Institut f\u00fcr Lehrerfort- und -weiterbildung, Mainz)<\/td>\n<\/tr>\n<tr>\n<td valign=\"top\" width=\"227\">8. Januar 2020<\/td>\n<td width=\"377\">Theater-Trailer im Literaturunterricht (Frauenlob-<br \/>\nGymnasium, Mainz)<\/td>\n<\/tr>\n<tr>\n<td valign=\"top\" width=\"227\">24. August 2020<\/td>\n<td width=\"377\">[zusammen mit Simone Jungbluth] Workshop zur Abitur-Aufgabenerstellung im Fach Deutsch (Institut f\u00fcr Lehrerfort- und -weiterbildung, Mainz)<\/td>\n<\/tr>\n<tr>\n<td valign=\"top\" width=\"227\">23.-24. Oktober 2020<\/td>\n<td width=\"377\">Finanzkrise zwischen Dokumentar- und Erz\u00e4hltheater. Andres Veiels \u201eDas Himbeerreich\u201c und seine Inszenierungen<br \/>\n(Universit\u00e4t Paderborn, Online-Tagung zum Thema \u201eKrise im Drama der Gegenwart\u201c)<\/td>\n<\/tr>\n<tr>\n<td valign=\"top\" width=\"227\">11. Juni 2021<\/td>\n<td width=\"377\">Wajdi Mouawads \u201eVerbrennungen\u201c (UA 2003). Meddah und \u00d6dipusmythos im Dialog (\u201e13. International Scientific Conference The East \u2013 The West: A dialogue of Languages and Cultures\u201d der Akademia Pomorska in S\u0142upsk, Polen, Online-Tagung)<\/td>\n<\/tr>\n<tr>\n<td valign=\"top\" width=\"227\">1.-2. Juli 2021<\/td>\n<td width=\"377\">[zusammen mit Simone Jungbluth] Das schriftliche und m\u00fcndliche Abitur im Fach Deutsch. (Institut f\u00fcr Lehrerfort- und -weiterbildung, Mainz)<\/td>\n<\/tr>\n<tr>\n<td valign=\"top\" width=\"227\">26. Juli 2021<\/td>\n<td width=\"377\"><em>Gewaltdarstellung und -vermeidung. Dokument, Fiktion und \u201awahre Kunst\u2018 in Alfred Anderschs \u201eWinterspelt\u201c.<\/em> (XIV. Kongress der Internationalen Vereinigung f\u00fcr Germanistik (IVG), Online-Tagung)<\/td>\n<\/tr>\n<\/tbody>\n<\/table>\n<\/section>\n<\/div><div class=\"fusion-clearfix\"><\/div><\/div><\/div><\/div><\/div><div class=\"fusion-fullwidth fullwidth-box fusion-builder-row-2 nonhundred-percent-fullwidth non-hundred-percent-height-scrolling fusion-equal-height-columns\" style=\"background-color: #324a92;background-position: left top;background-repeat: no-repeat;padding-top:20px;padding-right:0px;padding-bottom:90px;padding-left:0px;margin-bottom: 0px;margin-top: 0px;border-width: 0px 0px 0px 0px;border-color:#eae9e9;border-style:solid;\" ><div class=\"fusion-builder-row fusion-row\"><div class=\"fusion-layout-column fusion_builder_column fusion-builder-column-3 fusion_builder_column_1_1 1_1 fusion-one-full fusion-column-first fusion-column-last\" style=\"margin-top:0px;margin-bottom:20px;\"><div class=\"fusion-column-wrapper fusion-flex-column-wrapper-legacy\" style=\"background-position:left top;background-repeat:no-repeat;-webkit-background-size:cover;-moz-background-size:cover;-o-background-size:cover;background-size:cover;padding: 0px 0px 0px 0px;\"><div class=\"fusion-text fusion-text-2\"><p><center><a style=\"color: #000;\" href=\"https:\/\/staging.autorenbetreuung.de\/autoren\/jens-f-heiderich\/impressum-und-ds\/\">Impressum und Datenschutz<\/a><\/center><\/p>\n<\/div><div class=\"fusion-clearfix\"><\/div><\/div><\/div><\/div><\/div><\/p>\n","protected":false},"excerpt":{"rendered":"","protected":false},"author":5,"featured_media":0,"parent":2419,"menu_order":0,"comment_status":"closed","ping_status":"closed","template":"","meta":[],"_links":{"self":[{"href":"https:\/\/staging.autorenbetreuung.de\/en\/wp-json\/wp\/v2\/pages\/2446"}],"collection":[{"href":"https:\/\/staging.autorenbetreuung.de\/en\/wp-json\/wp\/v2\/pages"}],"about":[{"href":"https:\/\/staging.autorenbetreuung.de\/en\/wp-json\/wp\/v2\/types\/page"}],"author":[{"embeddable":true,"href":"https:\/\/staging.autorenbetreuung.de\/en\/wp-json\/wp\/v2\/users\/5"}],"replies":[{"embeddable":true,"href":"https:\/\/staging.autorenbetreuung.de\/en\/wp-json\/wp\/v2\/comments?post=2446"}],"version-history":[{"count":14,"href":"https:\/\/staging.autorenbetreuung.de\/en\/wp-json\/wp\/v2\/pages\/2446\/revisions"}],"predecessor-version":[{"id":2559,"href":"https:\/\/staging.autorenbetreuung.de\/en\/wp-json\/wp\/v2\/pages\/2446\/revisions\/2559"}],"up":[{"embeddable":true,"href":"https:\/\/staging.autorenbetreuung.de\/en\/wp-json\/wp\/v2\/pages\/2419"}],"wp:attachment":[{"href":"https:\/\/staging.autorenbetreuung.de\/en\/wp-json\/wp\/v2\/media?parent=2446"}],"curies":[{"name":"wp","href":"https:\/\/api.w.org\/{rel}","templated":true}]}}