{"id":2429,"date":"2021-05-18T10:24:34","date_gmt":"2021-05-18T08:24:34","guid":{"rendered":"https:\/\/staging-autorenbetreuung.ibidem.eu\/?page_id=2429"},"modified":"2021-05-27T15:12:23","modified_gmt":"2021-05-27T13:12:23","slug":"biographisches","status":"publish","type":"page","link":"https:\/\/staging.autorenbetreuung.de\/en\/autoren\/jens-f-heiderich\/biographisches\/","title":{"rendered":"Biographisches"},"content":{"rendered":"<p><div class=\"fusion-fullwidth fullwidth-box fusion-builder-row-1 nonhundred-percent-fullwidth non-hundred-percent-height-scrolling\" style=\"background-color: rgba(255,255,255,0);background-position: left top;background-repeat: no-repeat;padding-top:20px;padding-right:0px;padding-bottom:0px;padding-left:0px;margin-bottom: 0px;margin-top: 0px;border-width: 0px 0px 0px 0px;border-color:#eae9e9;border-style:solid;\" ><div class=\"fusion-builder-row fusion-row\"><div class=\"fusion-layout-column fusion_builder_column fusion-builder-column-0 fusion_builder_column_1_1 1_1 fusion-one-full fusion-column-first fusion-column-last fusion-column-no-min-height\" style=\"margin-top:0px;margin-bottom:0px;\"><div class=\"fusion-column-wrapper fusion-flex-column-wrapper-legacy\" style=\"background-position:left top;background-repeat:no-repeat;-webkit-background-size:cover;-moz-background-size:cover;-o-background-size:cover;background-size:cover;padding: 0px 0px 0px 0px;\"><div class=\"fusion-sep-clear\"><\/div><div class=\"fusion-separator fusion-full-width-sep\" style=\"margin-left: auto;margin-right: auto;margin-top:0px;margin-bottom:0px;width:100%;\"><div class=\"fusion-separator-border sep-single sep-solid\" style=\"border-color:#3a6fa5;border-top-width:5px;\"><\/div><\/div><div class=\"fusion-sep-clear\"><\/div><div class=\"fusion-clearfix\"><\/div><\/div><\/div><div class=\"fusion-layout-column fusion_builder_column fusion-builder-column-1 fusion_builder_column_1_3 1_3 fusion-one-third fusion-column-first\" style=\"width:30.6666%; margin-right: 4%;margin-top:0px;margin-bottom:20px;\"><div class=\"fusion-column-wrapper fusion-flex-column-wrapper-legacy\" style=\"background-position:left top;background-repeat:no-repeat;-webkit-background-size:cover;-moz-background-size:cover;-o-background-size:cover;background-size:cover;background-color:#ffffff;border-width: 1px 1px 1px 1px;border-color:#e2e2e2;border-style:solid;padding: 40px 60px 40px 60px;\"><div class=\"fusion-widget fusion-widget-element fusion-widget-area fusion-content-widget-area wpWidget-1\" style=\"border-width:0px;border-style:solid;\"><div class=\"widget widget_nav_menu\"><div class=\"heading\"><h4 class=\"widget-title\">Navigation<\/h4><\/div><div class=\"menu-autor_michael_frings-container\"><ul id=\"menu-autor_michael_frings\" class=\"menu\"><li id=\"menu-item-1224\" class=\"menu-item menu-item-type-post_type menu-item-object-page menu-item-1224\"><a href=\"https:\/\/staging.autorenbetreuung.de\/en\/autoren\/michaelfrings\/\">Startseite<\/a><\/li>\n<li id=\"menu-item-1227\" class=\"menu-item menu-item-type-post_type menu-item-object-page menu-item-1227\"><a href=\"https:\/\/staging.autorenbetreuung.de\/en\/autoren\/michaelfrings\/sebastian-muenster-gymnasium-in-ingelheim\/\">Sebastian-M\u00fcnster-Gymnasium in Ingelheim<\/a><\/li>\n<li id=\"menu-item-2508\" class=\"menu-item menu-item-type-post_type menu-item-object-page menu-item-2508\"><a href=\"https:\/\/staging.autorenbetreuung.de\/en\/autoren\/michaelfrings\/zentrum-schulleitung-und-personalfuehrung\/\">Zentrum Schulleitung und Personalf\u00fchrung<\/a><\/li>\n<li id=\"menu-item-2507\" class=\"menu-item menu-item-type-post_type menu-item-object-page menu-item-2507\"><a href=\"https:\/\/staging.autorenbetreuung.de\/en\/autoren\/michaelfrings\/zeitschrift-fuer-romanische-sprachen-und-ihre-didaktik\/\">Zeitschrift f\u00fcr Romanische Sprachen und ihre Didaktik<\/a><\/li>\n<li id=\"menu-item-2506\" class=\"menu-item menu-item-type-post_type menu-item-object-page menu-item-2506\"><a href=\"https:\/\/staging.autorenbetreuung.de\/en\/autoren\/michaelfrings\/schriftenreihe-romanische-sprachen-und-ihre-didaktik\/\">Schriftenreihe Romanische Sprachen und ihre Didaktik<\/a><\/li>\n<li id=\"menu-item-2505\" class=\"menu-item menu-item-type-post_type menu-item-object-page menu-item-2505\"><a href=\"https:\/\/staging.autorenbetreuung.de\/en\/autoren\/michaelfrings\/schriftenreihe-franzoesischdidaktik-im-dialog\/\">Schriftenreihe Franz\u00f6sischdidaktik im Dialog<\/a><\/li>\n<li id=\"menu-item-2504\" class=\"menu-item menu-item-type-post_type menu-item-object-page menu-item-2504\"><a href=\"https:\/\/staging.autorenbetreuung.de\/en\/autoren\/michaelfrings\/sektionsleitungen-lehrveranstaltungen-schriftenverzeichnis\/\">Sektionsleitungen, Lehrveranstaltungen, Schriftenverzeichnis<\/a><\/li>\n<\/ul><\/div><\/div><\/div><div class=\"fusion-sep-clear\"><\/div><div class=\"fusion-separator fusion-full-width-sep\" style=\"margin-left: auto;margin-right: auto;margin-top:20px;width:100%;\"><\/div><div class=\"fusion-sep-clear\"><\/div><div class=\"fusion-clearfix\"><\/div><\/div><\/div><div class=\"fusion-layout-column fusion_builder_column fusion-builder-column-2 fusion_builder_column_2_3 2_3 fusion-two-third fusion-column-last\" style=\"width:65.3333%;margin-top:0px;margin-bottom:20px;\"><div class=\"fusion-column-wrapper fusion-flex-column-wrapper-legacy\" style=\"background-position:left top;background-repeat:no-repeat;-webkit-background-size:cover;-moz-background-size:cover;-o-background-size:cover;background-size:cover;background-color:#ffffff;border-width: 1px 1px 1px 1px;border-color:#e2e2e2;border-style:solid;padding: 40px 60px 40px 60px;\"><div class=\"imageframe-align-center\"><span class=\" fusion-imageframe imageframe-none imageframe-1 hover-type-none\"><img width=\"1031\" height=\"180\" title=\"headerbild_v9\" src=\"https:\/\/staging.autorenbetreuung.de\/wp-content\/uploads\/headerbild_v9.jpg\" class=\"img-responsive wp-image-2426\" srcset=\"https:\/\/staging.autorenbetreuung.de\/wp-content\/uploads\/headerbild_v9-200x35.jpg 200w, https:\/\/staging.autorenbetreuung.de\/wp-content\/uploads\/headerbild_v9-400x70.jpg 400w, https:\/\/staging.autorenbetreuung.de\/wp-content\/uploads\/headerbild_v9-600x105.jpg 600w, https:\/\/staging.autorenbetreuung.de\/wp-content\/uploads\/headerbild_v9-800x140.jpg 800w, https:\/\/staging.autorenbetreuung.de\/wp-content\/uploads\/headerbild_v9.jpg 1031w\" sizes=\"(max-width: 850px) 100vw, 800px\" \/><\/span><\/div><div class=\"fusion-text fusion-text-1\"><header>\n<h1>Biographisches<\/h1>\n<\/header>\n<section class=\"row\">\n<figure class=\"caption\"><img src=\"https:\/\/jensheiderich.autorenbetreuung.de\/files\/jensfheiderich.jpg\" alt=\"Jens F. Heiderich\" width=\"151\" height=\"206\" \/><figcaption>Jens F. Heiderich<\/figcaption><\/figure>\n<\/section>\n<section class=\"row\">\n<h2>Ausbildung<\/h2>\n<table>\n<tbody>\n<tr>\n<td valign=\"top\" width=\"217\">Juni 1998<\/td>\n<td width=\"387\">Allgemeine Hochschulreife am Paul-Schneider-Gymnasium Meisenheim am Glan<\/td>\n<\/tr>\n<tr>\n<td valign=\"top\" width=\"217\">M\u00e4rz 1999 \u2013 Oktober 1999<\/td>\n<td width=\"387\">Fernstudium \u201eKleines Latinum\u201c an der Fern Akademie Hamburg<\/td>\n<\/tr>\n<tr>\n<td valign=\"top\" width=\"217\">Oktober 1999 \u2013 Februar 2005<\/td>\n<td width=\"387\">Studium der Germanistik, der franz\u00f6sischen Philologie (Lehramt an Gymnasien; Erstes Staatsexamen), der Philosophie (Zusatzfach) und des Faches Deutsch als Fremdsprache (Zusatzzertifikat) an den Universit\u00e4ten Trier, Lille III \/ Charles de Gaulle (Frankreich) und Jean Moulin in Lyon (Frankreich)<\/td>\n<\/tr>\n<tr>\n<td valign=\"top\" width=\"217\">August 2005 \u2013 Juli 2007<\/td>\n<td width=\"387\">Referendar f\u00fcr das Lehramt an Gymnasien am Studienseminar Trier sowie am Auguste-Viktoria-Gymnasium Trier (Zweites Staatsexamen)<\/td>\n<\/tr>\n<\/tbody>\n<\/table>\n<h2>Zivildienst<\/h2>\n<table>\n<tbody>\n<tr>\n<td valign=\"top\" width=\"227\">September 1998 \u2013 September 1999<\/td>\n<td width=\"377\">Zivildienst in einer \u00dcbergangswohnst\u00e4tte der\u00a0<em>kreuznacher diakonie<\/em>; Odenbach<\/td>\n<\/tr>\n<\/tbody>\n<\/table>\n<h2>Stipendien<\/h2>\n<table>\n<tbody>\n<tr>\n<td valign=\"top\" width=\"227\">September 2001 \u2013 M\u00e4rz 2002<\/td>\n<td width=\"377\">DAAD-Stipendium \u201eRomanisten nach Frankreich\u201c (Studium an der Universit\u00e4t Lille III \/ Charles de Gaulle)<\/td>\n<\/tr>\n<tr>\n<td valign=\"top\" width=\"227\">April 2002 \u2013 Februar 2005<\/td>\n<td width=\"377\">Stipendiat der Konrad-Adenauer-Stiftung e.V.<\/td>\n<\/tr>\n<tr>\n<td valign=\"top\" width=\"227\">September 2003 \u2013 Januar 2004<\/td>\n<td width=\"377\">ERASMUS-Stipendium (Studium an der Universit\u00e4t Jean Moulin in Lyon)<\/td>\n<\/tr>\n<\/tbody>\n<\/table>\n<h2>Hauptberufliche T\u00e4tigkeiten und Stationen<\/h2>\n<table>\n<tbody>\n<tr>\n<td valign=\"top\" width=\"227\">August 2005 \u2013 Juli 2007<\/td>\n<td width=\"377\">Referendar f\u00fcr das Lehramt an Gymnasien am Studienseminar Trier sowie am Auguste-Viktoria-Gymnasium Trier<\/td>\n<\/tr>\n<tr>\n<td valign=\"top\" width=\"227\">seit August 2007<\/td>\n<td width=\"377\">T\u00e4tigkeit als Lehrer am Staatlichen Frauenlob-Gymnasium Mainz<\/td>\n<\/tr>\n<tr>\n<td valign=\"top\" width=\"227\">Februar 2010 \u2013 Juli 2014<\/td>\n<td width=\"377\">Teilabordnung f\u00fcr Fachdidaktik Deutsch an die Universit\u00e4t Trier mit den Schwerpunkten Literatur- und Mediendidaktik<\/td>\n<\/tr>\n<tr>\n<td valign=\"top\" width=\"227\">seit November 2013<\/td>\n<td width=\"377\">Funktion eines Studiendirektors als regionaler Fachberater f\u00fcr Deutsch an Gymnasien, Integrierten Gesamtschulen, Kollegs und Freien Waldorfschulen des Schulaufsichtsbezirks Neustadt (Bereich Rheinhessen)<\/td>\n<\/tr>\n<\/tbody>\n<\/table>\n<h2>Sonstige berufliche T\u00e4tigkeiten<\/h2>\n<table>\n<tbody>\n<tr>\n<td valign=\"top\" width=\"227\">Januar 1997<\/td>\n<td width=\"377\">Vierw\u00f6chiges Praktikum in einem Landessprachheilzentrum; Meisenheim am Glan<\/td>\n<\/tr>\n<tr>\n<td valign=\"top\" width=\"227\">Wintersemester 2000\/2001<\/td>\n<td width=\"377\">Tutor mehrerer Deutsch-als-Fremdsprache-Tutorien an der Universit\u00e4t Trier<\/td>\n<\/tr>\n<tr>\n<td valign=\"top\" width=\"227\">April 2002 \u2013 September 2003<br \/>\nApril 2004 \u2013 Februar 2005<\/td>\n<td width=\"377\">T\u00e4tigkeit als wissenschaftliche Hilfskraft am Lehrstuhl von Prof. Dr. Karl-Heinz Bender, Romanistik, Universit\u00e4t Trier<\/td>\n<\/tr>\n<tr>\n<td valign=\"top\" width=\"227\">M\u00e4rz 2005 \u2013 Juli 2005<\/td>\n<td width=\"377\">Wissenschaftliche Hilfskraft mit Abschluss in dem Forschungsprojekt \u201eMittelhochdeutsches W\u00f6rterbuch\u201c, Universit\u00e4t Trier<\/td>\n<\/tr>\n<tr>\n<td valign=\"top\" width=\"227\">April 2005 \u2013 Juli 2005<\/td>\n<td width=\"377\">Lehrbeauftragter f\u00fcr Neuere deutsche Literaturwissenschaft an der Universit\u00e4t Trier<\/td>\n<\/tr>\n<tr>\n<td valign=\"top\" width=\"227\">M\u00e4rz 2006 \u2013 April 2006<\/td>\n<td width=\"377\">Schulpraktikum am Lyc\u00e9e Stanislas; Nancy (Frankreich)<\/td>\n<\/tr>\n<tr>\n<td valign=\"top\" width=\"227\">April 2009 \u2013 Februar 2010<\/td>\n<td width=\"377\">Lehrbeauftragter f\u00fcr franz\u00f6sische Fachdidaktik an der Johannes Gutenberg-Universit\u00e4t Mainz<\/td>\n<\/tr>\n<\/tbody>\n<\/table>\n<h2>Auszeichnung<\/h2>\n<table>\n<tbody>\n<tr>\n<td valign=\"top\" width=\"227\">Dezember 2014<\/td>\n<td width=\"377\">Preistr\u00e4ger des Deutschen Lehrerpreises<\/td>\n<\/tr>\n<\/tbody>\n<\/table>\n<h2>Mitgliedschaften<\/h2>\n<table>\n<tbody>\n<tr>\n<td valign=\"top\" width=\"227\">seit Januar 2009<\/td>\n<td width=\"377\">Mitglied des Deutschen Germanistenverbandes<\/td>\n<\/tr>\n<tr>\n<td valign=\"top\" width=\"227\">seit Juli 2010<\/td>\n<td width=\"377\">Mitglied im Symposium Deutschdidaktik e.V.<\/td>\n<\/tr>\n<\/tbody>\n<\/table>\n<\/section>\n<\/div><div class=\"fusion-clearfix\"><\/div><\/div><\/div><\/div><\/div><div class=\"fusion-fullwidth fullwidth-box fusion-builder-row-2 nonhundred-percent-fullwidth non-hundred-percent-height-scrolling fusion-equal-height-columns\" style=\"background-color: #324a92;background-position: left top;background-repeat: no-repeat;padding-top:20px;padding-right:0px;padding-bottom:90px;padding-left:0px;margin-bottom: 0px;margin-top: 0px;border-width: 0px 0px 0px 0px;border-color:#eae9e9;border-style:solid;\" ><div class=\"fusion-builder-row fusion-row\"><div class=\"fusion-layout-column fusion_builder_column fusion-builder-column-3 fusion_builder_column_1_1 1_1 fusion-one-full fusion-column-first fusion-column-last\" style=\"margin-top:0px;margin-bottom:20px;\"><div class=\"fusion-column-wrapper fusion-flex-column-wrapper-legacy\" style=\"background-position:left top;background-repeat:no-repeat;-webkit-background-size:cover;-moz-background-size:cover;-o-background-size:cover;background-size:cover;padding: 0px 0px 0px 0px;\"><div class=\"fusion-text fusion-text-2\"><p><center><a style=\"color: #000;\" href=\"https:\/\/staging.autorenbetreuung.de\/autoren\/jens-f-heiderich\/impressum-und-ds\/\">Impressum und Datenschutz<\/a><\/center><\/p>\n<\/div><div class=\"fusion-clearfix\"><\/div><\/div><\/div><\/div><\/div><\/p>\n","protected":false},"excerpt":{"rendered":"","protected":false},"author":5,"featured_media":0,"parent":2419,"menu_order":0,"comment_status":"closed","ping_status":"closed","template":"","meta":[],"_links":{"self":[{"href":"https:\/\/staging.autorenbetreuung.de\/en\/wp-json\/wp\/v2\/pages\/2429"}],"collection":[{"href":"https:\/\/staging.autorenbetreuung.de\/en\/wp-json\/wp\/v2\/pages"}],"about":[{"href":"https:\/\/staging.autorenbetreuung.de\/en\/wp-json\/wp\/v2\/types\/page"}],"author":[{"embeddable":true,"href":"https:\/\/staging.autorenbetreuung.de\/en\/wp-json\/wp\/v2\/users\/5"}],"replies":[{"embeddable":true,"href":"https:\/\/staging.autorenbetreuung.de\/en\/wp-json\/wp\/v2\/comments?post=2429"}],"version-history":[{"count":19,"href":"https:\/\/staging.autorenbetreuung.de\/en\/wp-json\/wp\/v2\/pages\/2429\/revisions"}],"predecessor-version":[{"id":2557,"href":"https:\/\/staging.autorenbetreuung.de\/en\/wp-json\/wp\/v2\/pages\/2429\/revisions\/2557"}],"up":[{"embeddable":true,"href":"https:\/\/staging.autorenbetreuung.de\/en\/wp-json\/wp\/v2\/pages\/2419"}],"wp:attachment":[{"href":"https:\/\/staging.autorenbetreuung.de\/en\/wp-json\/wp\/v2\/media?parent=2429"}],"curies":[{"name":"wp","href":"https:\/\/api.w.org\/{rel}","templated":true}]}}