{"id":2371,"date":"2021-05-17T15:40:03","date_gmt":"2021-05-17T13:40:03","guid":{"rendered":"https:\/\/staging-autorenbetreuung.ibidem.eu\/?page_id=2371"},"modified":"2021-05-18T09:47:40","modified_gmt":"2021-05-18T07:47:40","slug":"zeitschrift-fuer-romanische-sprachen-und-ihre-didaktik","status":"publish","type":"page","link":"https:\/\/staging.autorenbetreuung.de\/en\/autoren\/michaelfrings\/zeitschrift-fuer-romanische-sprachen-und-ihre-didaktik\/","title":{"rendered":"Zeitschrift f\u00fcr Romanische Sprachen und ihre Didaktik"},"content":{"rendered":"<p><div class=\"fusion-fullwidth fullwidth-box fusion-builder-row-1 nonhundred-percent-fullwidth non-hundred-percent-height-scrolling\" style=\"background-color: rgba(255,255,255,0);background-position: left top;background-repeat: no-repeat;padding-top:20px;padding-right:0px;padding-bottom:0px;padding-left:0px;margin-bottom: 0px;margin-top: 0px;border-width: 0px 0px 0px 0px;border-color:#eae9e9;border-style:solid;\" ><div class=\"fusion-builder-row fusion-row\"><div class=\"fusion-layout-column fusion_builder_column fusion-builder-column-0 fusion_builder_column_1_1 1_1 fusion-one-full fusion-column-first fusion-column-last fusion-column-no-min-height\" style=\"margin-top:0px;margin-bottom:0px;\"><div class=\"fusion-column-wrapper fusion-flex-column-wrapper-legacy\" style=\"background-position:left top;background-repeat:no-repeat;-webkit-background-size:cover;-moz-background-size:cover;-o-background-size:cover;background-size:cover;padding: 0px 0px 0px 0px;\"><div class=\"fusion-sep-clear\"><\/div><div class=\"fusion-separator fusion-full-width-sep\" style=\"margin-left: auto;margin-right: auto;margin-top:0px;margin-bottom:0px;width:100%;\"><div class=\"fusion-separator-border sep-single sep-solid\" style=\"border-color:#3a6fa5;border-top-width:5px;\"><\/div><\/div><div class=\"fusion-sep-clear\"><\/div><div class=\"fusion-clearfix\"><\/div><\/div><\/div><div class=\"fusion-layout-column fusion_builder_column fusion-builder-column-1 fusion_builder_column_1_3 1_3 fusion-one-third fusion-column-first\" style=\"width:30.6666%; margin-right: 4%;margin-top:0px;margin-bottom:20px;\"><div class=\"fusion-column-wrapper fusion-flex-column-wrapper-legacy\" style=\"background-position:left top;background-repeat:no-repeat;-webkit-background-size:cover;-moz-background-size:cover;-o-background-size:cover;background-size:cover;background-color:#ffffff;border-width: 1px 1px 1px 1px;border-color:#e2e2e2;border-style:solid;padding: 40px 60px 40px 60px;\"><div class=\"fusion-widget fusion-widget-element fusion-widget-area fusion-content-widget-area wpWidget-1\" style=\"border-width:0px;border-style:solid;\"><div class=\"widget widget_nav_menu\"><div class=\"heading\"><h4 class=\"widget-title\">Navigation<\/h4><\/div><div class=\"menu-autor_michael_frings-container\"><ul id=\"menu-autor_michael_frings\" class=\"menu\"><li id=\"menu-item-1224\" class=\"menu-item menu-item-type-post_type menu-item-object-page menu-item-1224\"><a href=\"https:\/\/staging.autorenbetreuung.de\/en\/autoren\/michaelfrings\/\">Startseite<\/a><\/li>\n<li id=\"menu-item-1227\" class=\"menu-item menu-item-type-post_type menu-item-object-page menu-item-1227\"><a href=\"https:\/\/staging.autorenbetreuung.de\/en\/autoren\/michaelfrings\/sebastian-muenster-gymnasium-in-ingelheim\/\">Sebastian-M\u00fcnster-Gymnasium in Ingelheim<\/a><\/li>\n<li id=\"menu-item-2508\" class=\"menu-item menu-item-type-post_type menu-item-object-page menu-item-2508\"><a href=\"https:\/\/staging.autorenbetreuung.de\/en\/autoren\/michaelfrings\/zentrum-schulleitung-und-personalfuehrung\/\">Zentrum Schulleitung und Personalf\u00fchrung<\/a><\/li>\n<li id=\"menu-item-2507\" class=\"menu-item menu-item-type-post_type menu-item-object-page menu-item-2507\"><a href=\"https:\/\/staging.autorenbetreuung.de\/en\/autoren\/michaelfrings\/zeitschrift-fuer-romanische-sprachen-und-ihre-didaktik\/\">Zeitschrift f\u00fcr Romanische Sprachen und ihre Didaktik<\/a><\/li>\n<li id=\"menu-item-2506\" class=\"menu-item menu-item-type-post_type menu-item-object-page menu-item-2506\"><a href=\"https:\/\/staging.autorenbetreuung.de\/en\/autoren\/michaelfrings\/schriftenreihe-romanische-sprachen-und-ihre-didaktik\/\">Schriftenreihe Romanische Sprachen und ihre Didaktik<\/a><\/li>\n<li id=\"menu-item-2505\" class=\"menu-item menu-item-type-post_type menu-item-object-page menu-item-2505\"><a href=\"https:\/\/staging.autorenbetreuung.de\/en\/autoren\/michaelfrings\/schriftenreihe-franzoesischdidaktik-im-dialog\/\">Schriftenreihe Franz\u00f6sischdidaktik im Dialog<\/a><\/li>\n<li id=\"menu-item-2504\" class=\"menu-item menu-item-type-post_type menu-item-object-page menu-item-2504\"><a href=\"https:\/\/staging.autorenbetreuung.de\/en\/autoren\/michaelfrings\/sektionsleitungen-lehrveranstaltungen-schriftenverzeichnis\/\">Sektionsleitungen, Lehrveranstaltungen, Schriftenverzeichnis<\/a><\/li>\n<\/ul><\/div><\/div><\/div><div class=\"fusion-sep-clear\"><\/div><div class=\"fusion-separator fusion-full-width-sep\" style=\"margin-left: auto;margin-right: auto;margin-top:20px;width:100%;\"><\/div><div class=\"fusion-sep-clear\"><\/div><div class=\"fusion-clearfix\"><\/div><\/div><\/div><div class=\"fusion-layout-column fusion_builder_column fusion-builder-column-2 fusion_builder_column_2_3 2_3 fusion-two-third fusion-column-last\" style=\"width:65.3333%;margin-top:0px;margin-bottom:20px;\"><div class=\"fusion-column-wrapper fusion-flex-column-wrapper-legacy\" style=\"background-position:left top;background-repeat:no-repeat;-webkit-background-size:cover;-moz-background-size:cover;-o-background-size:cover;background-size:cover;background-color:#ffffff;border-width: 1px 1px 1px 1px;border-color:#e2e2e2;border-style:solid;padding: 40px 60px 40px 60px;\"><div class=\"imageframe-align-center\"><span class=\" fusion-imageframe imageframe-none imageframe-1 hover-type-none\"><img width=\"976\" height=\"180\" title=\"headerbild_frings\" src=\"https:\/\/staging.autorenbetreuung.de\/wp-content\/uploads\/headerbild_frings.jpg\" class=\"img-responsive wp-image-1378\" srcset=\"https:\/\/staging.autorenbetreuung.de\/wp-content\/uploads\/headerbild_frings-200x37.jpg 200w, https:\/\/staging.autorenbetreuung.de\/wp-content\/uploads\/headerbild_frings-400x74.jpg 400w, https:\/\/staging.autorenbetreuung.de\/wp-content\/uploads\/headerbild_frings-600x111.jpg 600w, https:\/\/staging.autorenbetreuung.de\/wp-content\/uploads\/headerbild_frings-800x148.jpg 800w, https:\/\/staging.autorenbetreuung.de\/wp-content\/uploads\/headerbild_frings.jpg 976w\" sizes=\"(max-width: 850px) 100vw, 800px\" \/><\/span><\/div><div class=\"fusion-text fusion-text-1\"><p>Die\u00a0<strong><a href=\"http:\/\/www.zromsd.de\/\" target=\"_blank\" rel=\"noopener noreferrer\">Zeitschrift f\u00fcr Romanische Sprachen und ihre Didaktik (ZRomSD)<\/a><\/strong>\u00a0wurde im Jahr 2006 von Prof. Dr. Andre Klump und mir begr\u00fcndet und erscheint seit 2007 zweimal im Jahr im\u00a0<span style=\"font-family: Times New Roman;\"><strong><em>ibidem<\/em><\/strong><\/span>-Verlag. Es gibt die Rubriken \u201eAufs\u00e4tze\u201c, \u201eRezensionen\u201c, \u201eZeitschriftenschau\u201c, \u201eProfil\u201c und \u201eLehrveranstaltungen\u201c. Zw\u00f6lf Jahre lang, bis Dezember 2018, war ich Hauptherausgeber der Zeitschrift.<\/p>\n<p>Zum 1.1.2019 habe ich diese Aufgabe an Frau Prof. Dr. Corinna Koch (Universit\u00e4t M\u00fcnster) \u00fcbertragen, die gemeinsam mit dem Herausgeberteam, Prof. Dr. Christoph B\u00fcrgel (Universit\u00e4t Paderborn), Jens F. Heiderich (Mainz), Dr. Claudia Schlaak (Universit\u00e4t Mainz) und Prof. Dr. Sylvia Thiele (Universit\u00e4t Mainz), die weiteren Geschicke der Zeitschrift lenken wird. Bei Interesse an der Publikation eines Aufsatzes oder einer Rezension, k\u00f6nnen Sie sich gerne an\u00a0<strong><a href=\"mailto:Redaktion@ZRomSD.de\">Redaktion(at)ZRomSD.de<\/a><\/strong>\u00a0wenden.<\/p>\n<\/div><div class=\"fusion-clearfix\"><\/div><\/div><\/div><\/div><\/div><div class=\"fusion-fullwidth fullwidth-box fusion-builder-row-2 nonhundred-percent-fullwidth non-hundred-percent-height-scrolling fusion-equal-height-columns\" style=\"background-color: #324a92;background-position: left top;background-repeat: no-repeat;padding-top:20px;padding-right:0px;padding-bottom:90px;padding-left:0px;margin-bottom: 0px;margin-top: 0px;border-width: 0px 0px 0px 0px;border-color:#eae9e9;border-style:solid;\" ><div class=\"fusion-builder-row fusion-row\"><div class=\"fusion-layout-column fusion_builder_column fusion-builder-column-3 fusion_builder_column_1_1 1_1 fusion-one-full fusion-column-first fusion-column-last\" style=\"margin-top:0px;margin-bottom:20px;\"><div class=\"fusion-column-wrapper fusion-flex-column-wrapper-legacy\" style=\"background-position:left top;background-repeat:no-repeat;-webkit-background-size:cover;-moz-background-size:cover;-o-background-size:cover;background-size:cover;padding: 0px 0px 0px 0px;\"><div class=\"fusion-text fusion-text-2\"><p><center><a style=\"color: #000;\" href=\"\/autoren\/michaelfrings\/impressum\">Impressum und Datenschutz<\/a><\/center><\/p>\n<\/div><div class=\"fusion-clearfix\"><\/div><\/div><\/div><\/div><\/div><\/p>\n","protected":false},"excerpt":{"rendered":"","protected":false},"author":5,"featured_media":0,"parent":1214,"menu_order":0,"comment_status":"closed","ping_status":"closed","template":"","meta":[],"_links":{"self":[{"href":"https:\/\/staging.autorenbetreuung.de\/en\/wp-json\/wp\/v2\/pages\/2371"}],"collection":[{"href":"https:\/\/staging.autorenbetreuung.de\/en\/wp-json\/wp\/v2\/pages"}],"about":[{"href":"https:\/\/staging.autorenbetreuung.de\/en\/wp-json\/wp\/v2\/types\/page"}],"author":[{"embeddable":true,"href":"https:\/\/staging.autorenbetreuung.de\/en\/wp-json\/wp\/v2\/users\/5"}],"replies":[{"embeddable":true,"href":"https:\/\/staging.autorenbetreuung.de\/en\/wp-json\/wp\/v2\/comments?post=2371"}],"version-history":[{"count":6,"href":"https:\/\/staging.autorenbetreuung.de\/en\/wp-json\/wp\/v2\/pages\/2371\/revisions"}],"predecessor-version":[{"id":2413,"href":"https:\/\/staging.autorenbetreuung.de\/en\/wp-json\/wp\/v2\/pages\/2371\/revisions\/2413"}],"up":[{"embeddable":true,"href":"https:\/\/staging.autorenbetreuung.de\/en\/wp-json\/wp\/v2\/pages\/1214"}],"wp:attachment":[{"href":"https:\/\/staging.autorenbetreuung.de\/en\/wp-json\/wp\/v2\/media?parent=2371"}],"curies":[{"name":"wp","href":"https:\/\/api.w.org\/{rel}","templated":true}]}}