{"id":1380,"date":"2020-06-18T12:18:33","date_gmt":"2020-06-18T10:18:33","guid":{"rendered":"https:\/\/staging-autorenbetreuung.ibidem.eu\/?page_id=1380"},"modified":"2020-07-07T11:06:40","modified_gmt":"2020-07-07T09:06:40","slug":"spps-jspps","status":"publish","type":"page","link":"https:\/\/staging.autorenbetreuung.de\/en\/spps-jspps\/","title":{"rendered":"SPPS-JSPPS"},"content":{"rendered":"<p><div class=\"fusion-fullwidth fullwidth-box fusion-builder-row-1 nonhundred-percent-fullwidth non-hundred-percent-height-scrolling\" style=\"background-color: rgba(255,255,255,0);background-position: center center;background-repeat: no-repeat;padding-top:0px;padding-right:0px;padding-bottom:0px;padding-left:0px;margin-bottom: 0px;margin-top: 0px;border-width: 0px 0px 0px 0px;border-color:#eae9e9;border-style:solid;\" ><div class=\"fusion-builder-row fusion-row\"><div class=\"fusion-layout-column fusion_builder_column fusion-builder-column-0 fusion_builder_column_4_5 4_5 fusion-four-fifth fusion-column-first\" style=\"width:80%;width:calc(80% - ( ( 4% ) * 0.8 ) );margin-right: 4%;margin-top:0px;margin-bottom:20px;\"><div class=\"fusion-column-wrapper fusion-flex-column-wrapper-legacy\" style=\"background-position:left top;background-repeat:no-repeat;-webkit-background-size:cover;-moz-background-size:cover;-o-background-size:cover;background-size:cover;padding: 0px 0px 0px 0px;\"><div class=\"fusion-widget fusion-widget-element fusion-widget-area fusion-content-widget-area wpWidget-1\" style=\"border-width:0px;border-style:solid;\"><div class=\"widget menu\"><style type=\"text\/css\">#menu-widget-1{text-align:right;}#fusion-menu-widget-1 li{display:inline-block;}#fusion-menu-widget-1 ul li a{display:inline-block;padding:0;border:0;color:#000;font-size:14px;}#fusion-menu-widget-1 ul li a:after{content:\"|\";color:#000;padding-right:25px;padding-left:25px;font-size:14px;}#fusion-menu-widget-1 ul li a:hover,#fusion-menu-widget-1 ul .menu-item.current-menu-item a{color:#324a92;}#fusion-menu-widget-1 ul li:last-child a:after{display:none;}#fusion-menu-widget-1 ul li .fusion-widget-cart-number{margin:0 7px;background-color:#324a92;color:#000;}#fusion-menu-widget-1 ul li.fusion-active-cart-icon .fusion-widget-cart-icon:after{color:#324a92;}<\/style><nav id=\"fusion-menu-widget-1\" class=\"fusion-widget-menu\" aria-label=\"Secondary navigation\"><ul id=\"menu-spps-jspps-top-en\" class=\"menu\"><li id=\"menu-item-1384\" class=\"menu-item menu-item-type-post_type menu-item-object-page menu-item-1384\"><a href=\"https:\/\/staging.autorenbetreuung.de\/en\/spps-jspps\/\">Home<\/a><\/li><li id=\"menu-item-1396\" class=\"menu-item menu-item-type-post_type menu-item-object-page menu-item-1396\"><a href=\"https:\/\/staging.autorenbetreuung.de\/en\/spps-jspps\/datenschutz-spps-jspps\/\">Datenschutz<\/a><\/li><\/ul><\/nav><\/div><\/div><div class=\"fusion-clearfix\"><\/div><\/div><\/div><div class=\"fusion-layout-column fusion_builder_column fusion-builder-column-1 fusion_builder_column_1_5 1_5 fusion-one-fifth fusion-column-last\" style=\"width:20%;width:calc(20% - ( ( 4% ) * 0.2 ) );margin-top:0px;margin-bottom:0px;\"><div class=\"fusion-column-wrapper fusion-flex-column-wrapper-legacy\" style=\"background-position:left top;background-repeat:no-repeat;-webkit-background-size:cover;-moz-background-size:cover;-o-background-size:cover;background-size:cover;padding: 0px 0px 0px 0px;\"><a class=\"fusion-modal-text-link\" href=\"#\">\n<div class=\"wpml-ls-statics-shortcode_actions wpml-ls wpml-ls-legacy-list-horizontal\">\n\t<ul><li class=\"wpml-ls-slot-shortcode_actions wpml-ls-item wpml-ls-item-de wpml-ls-first-item wpml-ls-item-legacy-list-horizontal\">\n\t\t\t\t<a href=\"https:\/\/staging.autorenbetreuung.de\" class=\"wpml-ls-link\">\n                                                        <img\n            class=\"wpml-ls-flag\"\n            src=\"https:\/\/staging.autorenbetreuung.de\/wp-content\/plugins\/sitepress-multilingual-cms\/res\/flags\/de.png\"\n            alt=\"\"\n            width=18\n            height=12\n    \/><span class=\"wpml-ls-display\">German<\/span><\/a>\n\t\t\t<\/li><li class=\"wpml-ls-slot-shortcode_actions wpml-ls-item wpml-ls-item-en wpml-ls-current-language wpml-ls-last-item wpml-ls-item-legacy-list-horizontal\">\n\t\t\t\t<a href=\"https:\/\/staging.autorenbetreuung.de\/en\/\" class=\"wpml-ls-link\">\n                                                        <img\n            class=\"wpml-ls-flag\"\n            src=\"https:\/\/staging.autorenbetreuung.de\/wp-content\/plugins\/sitepress-multilingual-cms\/res\/flags\/en.png\"\n            alt=\"\"\n            width=18\n            height=12\n    \/><span class=\"wpml-ls-native\">English<\/span><\/a>\n\t\t\t<\/li><\/ul>\n<\/div>\n<\/a><div class=\"fusion-clearfix\"><\/div><\/div><\/div><\/div><\/div>\n<div class=\"fusion-fullwidth fullwidth-box fusion-builder-row-2 nonhundred-percent-fullwidth non-hundred-percent-height-scrolling\" style=\"background-color: rgba(255,255,255,0);background-position: left top;background-repeat: no-repeat;padding-top:20px;padding-right:0px;padding-bottom:0px;padding-left:0px;margin-bottom: 0px;margin-top: 0px;border-width: 0px 0px 0px 0px;border-color:#eae9e9;border-style:solid;\" ><div class=\"fusion-builder-row fusion-row\"><div class=\"fusion-layout-column fusion_builder_column fusion-builder-column-2 fusion_builder_column_1_1 1_1 fusion-one-full fusion-column-first fusion-column-last fusion-column-no-min-height\" style=\"margin-top:0px;margin-bottom:0px;\"><div class=\"fusion-column-wrapper fusion-flex-column-wrapper-legacy\" style=\"background-position:left top;background-repeat:no-repeat;-webkit-background-size:cover;-moz-background-size:cover;-o-background-size:cover;background-size:cover;padding: 0px 0px 0px 0px;\"><div class=\"imageframe-align-center\"><span class=\" fusion-imageframe imageframe-none imageframe-1 hover-type-none\"><img width=\"1025\" height=\"180\" title=\"logoheader_jspps_spps_de\" src=\"https:\/\/staging.autorenbetreuung.de\/wp-content\/uploads\/logoheader_jspps_spps_de.png\" class=\"img-responsive wp-image-1379\" srcset=\"https:\/\/staging.autorenbetreuung.de\/wp-content\/uploads\/logoheader_jspps_spps_de-200x35.png 200w, https:\/\/staging.autorenbetreuung.de\/wp-content\/uploads\/logoheader_jspps_spps_de-400x70.png 400w, https:\/\/staging.autorenbetreuung.de\/wp-content\/uploads\/logoheader_jspps_spps_de-600x105.png 600w, https:\/\/staging.autorenbetreuung.de\/wp-content\/uploads\/logoheader_jspps_spps_de-800x140.png 800w, https:\/\/staging.autorenbetreuung.de\/wp-content\/uploads\/logoheader_jspps_spps_de.png 1025w\" sizes=\"(max-width: 850px) 100vw, 1025px\" \/><\/span><\/div><div class=\"fusion-sep-clear\"><\/div><div class=\"fusion-separator fusion-full-width-sep\" style=\"margin-left: auto;margin-right: auto;margin-top:0px;margin-bottom:0px;width:100%;\"><div class=\"fusion-separator-border sep-single sep-solid\" style=\"border-color:#3a6fa5;border-top-width:5px;\"><\/div><\/div><div class=\"fusion-sep-clear\"><\/div><div class=\"fusion-widget fusion-widget-element fusion-widget-area fusion-content-widget-area wpWidget-2\" style=\"background-color:#3a6fa5;padding:20px;border-width:0px;border-style:solid;\"><div class=\"widget menu\"><style type=\"text\/css\">#menu-widget-2{text-align:left;}#fusion-menu-widget-2 li{display:inline-block;}#fusion-menu-widget-2 ul li a{display:inline-block;padding:0;border:0;color:#fff;font-size:20px;}#fusion-menu-widget-2 ul li a:after{content:\"|\";color:#fff;padding-right:25px;padding-left:25px;font-size:20px;}#fusion-menu-widget-2 ul li a:hover,#fusion-menu-widget-2 ul .menu-item.current-menu-item a{color:#fff;}#fusion-menu-widget-2 ul li:last-child a:after{display:none;}#fusion-menu-widget-2 ul li .fusion-widget-cart-number{margin:0 7px;background-color:#fff;color:#fff;}#fusion-menu-widget-2 ul li.fusion-active-cart-icon .fusion-widget-cart-icon:after{color:#fff;}<\/style><nav id=\"fusion-menu-widget-2\" class=\"fusion-widget-menu\" aria-label=\"Secondary navigation\"><ul id=\"menu-spps-jspps-main-en\" class=\"menu\"><li id=\"menu-item-1383\" class=\"menu-item menu-item-type-post_type menu-item-object-page menu-item-1383\"><a href=\"https:\/\/staging.autorenbetreuung.de\/en\/spps-jspps\/\">Home<\/a><\/li><li id=\"menu-item-1400\" class=\"menu-item menu-item-type-post_type menu-item-object-page menu-item-1400\"><a href=\"https:\/\/staging.autorenbetreuung.de\/en\/spps-jspps\/spps\/\">SPPS<\/a><\/li><\/ul><\/nav><\/div><\/div><div class=\"fusion-clearfix\"><\/div><\/div><\/div><div class=\"fusion-layout-column fusion_builder_column fusion-builder-column-3 fusion_builder_column_1_1 1_1 fusion-one-full fusion-column-first fusion-column-last\" style=\"margin-top:0px;margin-bottom:20px;\"><div class=\"fusion-column-wrapper fusion-flex-column-wrapper-legacy\" style=\"background-position:left top;background-repeat:no-repeat;-webkit-background-size:cover;-moz-background-size:cover;-o-background-size:cover;background-size:cover;background-color:#ffffff;border:1px solid #e2e2e2;padding: 40px 60px 40px 60px;\"><div class=\"imageframe-align-center\"><span class=\" fusion-imageframe imageframe-none imageframe-2 hover-type-none\"><img width=\"976\" height=\"180\" title=\"headerbild_frings\" src=\"https:\/\/staging.autorenbetreuung.de\/wp-content\/uploads\/headerbild_frings.jpg\" class=\"img-responsive wp-image-1378\" srcset=\"https:\/\/staging.autorenbetreuung.de\/wp-content\/uploads\/headerbild_frings-200x37.jpg 200w, https:\/\/staging.autorenbetreuung.de\/wp-content\/uploads\/headerbild_frings-400x74.jpg 400w, https:\/\/staging.autorenbetreuung.de\/wp-content\/uploads\/headerbild_frings-600x111.jpg 600w, https:\/\/staging.autorenbetreuung.de\/wp-content\/uploads\/headerbild_frings-800x148.jpg 800w, https:\/\/staging.autorenbetreuung.de\/wp-content\/uploads\/headerbild_frings.jpg 976w\" sizes=\"(max-width: 850px) 100vw, 976px\" \/><\/span><\/div><style type=\"text\/css\">@media only screen and (max-width:850px) {.fusion-title.fusion-title-1{margin-top:20px!important;margin-bottom:20px!important;}}<\/style><div class=\"fusion-title title fusion-title-1 fusion-title-text fusion-title-size-three\" style=\"margin-top:20px;margin-right:0px;margin-bottom:20px;margin-left:0px;\"><h3 class=\"title-heading-left\" style=\"margin:0;\">Welcome EN VERSION<\/h3><span class=\"awb-title-spacer\"><\/span><div class=\"title-sep-container\"><div class=\"title-sep sep-\" style=\"border-color:#e0dede;\"><\/div><\/div><\/div><div class=\"fusion-text fusion-text-1\"><p>Auf den folgenden Seiten finden Sie einen \u00dcberblick \u00fcber meine beruflichen T\u00e4tigkeiten und wissenschaftlichen Aktivit\u00e4ten.<\/p>\n<p>Ich freue mich insbesondere, wenn Sie Einblicke in die beiden von mir herausgegebenen Schriftenreihen erhalten und ggf. Ihr Interesse an einer Publikation in einer der Schriftenreihen geweckt wird.<\/p>\n<p>Ebenso k\u00f6nnen Sie sich \u00fcber die\u00a0<em><a href=\"https:\/\/www.ibidem.eu\/de\/zeitschriften\/zeitschrift-fuer-romanische-sprachen-und-ihre-didaktik.html\">Zeitschrift f\u00fcr Romanische Sprachen und ihre Didaktik<\/a>\u00a0<\/em>informieren, die ich gemeinsam mit Herrn Prof. Dr. Andre Klump (Universit\u00e4t Trier) im Jahr 2006 begr\u00fcndet habe und deren Hauptherausgeber ich zw\u00f6lf Jahre lang bis 2018 gewesen bin.<\/p>\n<p>Sollten Sie hier Interesse an einer Mitarbeit haben, k\u00f6nnen Sie sich gerne an meine Nachfolgerin, Frau Prof. Dr. Corinna Koch (Universit\u00e4t M\u00fcnster), wenden:\u00a0<a href=\"mailto:Redaktion@ZRomSD.de\">Redaktion(at)ZRomSD.de<\/a>.<\/p>\n<\/div><div class=\"fusion-clearfix\"><\/div><\/div><\/div><\/div><\/div><div class=\"fusion-fullwidth fullwidth-box fusion-builder-row-3 nonhundred-percent-fullwidth non-hundred-percent-height-scrolling fusion-equal-height-columns\" style=\"background-color: #324a92;background-position: left top;background-repeat: no-repeat;padding-top:20px;padding-right:0px;padding-bottom:90px;padding-left:0px;margin-bottom: 0px;margin-top: 0px;border-width: 0px 0px 0px 0px;border-color:#eae9e9;border-style:solid;\" ><div class=\"fusion-builder-row fusion-row\"><div class=\"fusion-layout-column fusion_builder_column fusion-builder-column-4 fusion_builder_column_1_1 1_1 fusion-one-full fusion-column-first fusion-column-last\" style=\"margin-top:0px;margin-bottom:20px;\"><div class=\"fusion-column-wrapper fusion-flex-column-wrapper-legacy\" style=\"background-position:left top;background-repeat:no-repeat;-webkit-background-size:cover;-moz-background-size:cover;-o-background-size:cover;background-size:cover;padding: 0px 0px 0px 0px;\"><div class=\"fusion-clearfix\"><\/div><\/div><\/div><\/div><\/div><\/p>\n","protected":false},"excerpt":{"rendered":"","protected":false},"author":2,"featured_media":0,"parent":0,"menu_order":0,"comment_status":"closed","ping_status":"closed","template":"blank.php","meta":[],"_links":{"self":[{"href":"https:\/\/staging.autorenbetreuung.de\/en\/wp-json\/wp\/v2\/pages\/1380"}],"collection":[{"href":"https:\/\/staging.autorenbetreuung.de\/en\/wp-json\/wp\/v2\/pages"}],"about":[{"href":"https:\/\/staging.autorenbetreuung.de\/en\/wp-json\/wp\/v2\/types\/page"}],"author":[{"embeddable":true,"href":"https:\/\/staging.autorenbetreuung.de\/en\/wp-json\/wp\/v2\/users\/2"}],"replies":[{"embeddable":true,"href":"https:\/\/staging.autorenbetreuung.de\/en\/wp-json\/wp\/v2\/comments?post=1380"}],"version-history":[{"count":10,"href":"https:\/\/staging.autorenbetreuung.de\/en\/wp-json\/wp\/v2\/pages\/1380\/revisions"}],"predecessor-version":[{"id":1438,"href":"https:\/\/staging.autorenbetreuung.de\/en\/wp-json\/wp\/v2\/pages\/1380\/revisions\/1438"}],"wp:attachment":[{"href":"https:\/\/staging.autorenbetreuung.de\/en\/wp-json\/wp\/v2\/media?parent=1380"}],"curies":[{"name":"wp","href":"https:\/\/api.w.org\/{rel}","templated":true}]}}