{"id":1214,"date":"2020-05-08T14:57:58","date_gmt":"2020-05-08T12:57:58","guid":{"rendered":"https:\/\/staging-autorenbetreuung.ibidem.eu\/?page_id=1214"},"modified":"2021-05-17T14:58:23","modified_gmt":"2021-05-17T12:58:23","slug":"michaelfrings","status":"publish","type":"page","link":"https:\/\/staging.autorenbetreuung.de\/en\/autoren\/michaelfrings\/","title":{"rendered":"Michaelfrings"},"content":{"rendered":"<p><div class=\"fusion-fullwidth fullwidth-box fusion-builder-row-1 nonhundred-percent-fullwidth non-hundred-percent-height-scrolling\" style=\"background-color: rgba(255,255,255,0);background-position: left top;background-repeat: no-repeat;padding-top:20px;padding-right:0px;padding-bottom:0px;padding-left:0px;margin-bottom: 0px;margin-top: 0px;border-width: 0px 0px 0px 0px;border-color:#eae9e9;border-style:solid;\" ><div class=\"fusion-builder-row fusion-row\"><div class=\"fusion-layout-column fusion_builder_column fusion-builder-column-0 fusion_builder_column_1_1 1_1 fusion-one-full fusion-column-first fusion-column-last fusion-column-no-min-height\" style=\"margin-top:0px;margin-bottom:0px;\"><div class=\"fusion-column-wrapper fusion-flex-column-wrapper-legacy\" style=\"background-position:left top;background-repeat:no-repeat;-webkit-background-size:cover;-moz-background-size:cover;-o-background-size:cover;background-size:cover;padding: 0px 0px 0px 0px;\"><div class=\"fusion-sep-clear\"><\/div><div class=\"fusion-separator fusion-full-width-sep\" style=\"margin-left: auto;margin-right: auto;margin-top:0px;margin-bottom:0px;width:100%;\"><div class=\"fusion-separator-border sep-single sep-solid\" style=\"border-color:#3a6fa5;border-top-width:5px;\"><\/div><\/div><div class=\"fusion-sep-clear\"><\/div><div class=\"fusion-clearfix\"><\/div><\/div><\/div><div class=\"fusion-layout-column fusion_builder_column fusion-builder-column-1 fusion_builder_column_1_3 1_3 fusion-one-third fusion-column-first\" style=\"width:30.6666%; margin-right: 4%;margin-top:0px;margin-bottom:20px;\"><div class=\"fusion-column-wrapper fusion-flex-column-wrapper-legacy\" style=\"background-position:left top;background-repeat:no-repeat;-webkit-background-size:cover;-moz-background-size:cover;-o-background-size:cover;background-size:cover;background-color:#ffffff;border-width: 1px 1px 1px 1px;border-color:#e2e2e2;border-style:solid;padding: 40px 60px 40px 60px;\"><div class=\"fusion-widget fusion-widget-element fusion-widget-area fusion-content-widget-area wpWidget-1\" style=\"border-width:0px;border-style:solid;\"><div class=\"widget widget_nav_menu\"><div class=\"heading\"><h4 class=\"widget-title\">Navigation<\/h4><\/div><div class=\"menu-autor_michael_frings-container\"><ul id=\"menu-autor_michael_frings\" class=\"menu\"><li id=\"menu-item-1224\" class=\"menu-item menu-item-type-post_type menu-item-object-page menu-item-1224\"><a href=\"https:\/\/staging.autorenbetreuung.de\/en\/autoren\/michaelfrings\/\">Startseite<\/a><\/li>\n<li id=\"menu-item-1227\" class=\"menu-item menu-item-type-post_type menu-item-object-page menu-item-1227\"><a href=\"https:\/\/staging.autorenbetreuung.de\/en\/autoren\/michaelfrings\/sebastian-muenster-gymnasium-in-ingelheim\/\">Sebastian-M\u00fcnster-Gymnasium in Ingelheim<\/a><\/li>\n<li id=\"menu-item-2508\" class=\"menu-item menu-item-type-post_type menu-item-object-page menu-item-2508\"><a href=\"https:\/\/staging.autorenbetreuung.de\/en\/autoren\/michaelfrings\/zentrum-schulleitung-und-personalfuehrung\/\">Zentrum Schulleitung und Personalf\u00fchrung<\/a><\/li>\n<li id=\"menu-item-2507\" class=\"menu-item menu-item-type-post_type menu-item-object-page menu-item-2507\"><a href=\"https:\/\/staging.autorenbetreuung.de\/en\/autoren\/michaelfrings\/zeitschrift-fuer-romanische-sprachen-und-ihre-didaktik\/\">Zeitschrift f\u00fcr Romanische Sprachen und ihre Didaktik<\/a><\/li>\n<li id=\"menu-item-2506\" class=\"menu-item menu-item-type-post_type menu-item-object-page menu-item-2506\"><a href=\"https:\/\/staging.autorenbetreuung.de\/en\/autoren\/michaelfrings\/schriftenreihe-romanische-sprachen-und-ihre-didaktik\/\">Schriftenreihe Romanische Sprachen und ihre Didaktik<\/a><\/li>\n<li id=\"menu-item-2505\" class=\"menu-item menu-item-type-post_type menu-item-object-page menu-item-2505\"><a href=\"https:\/\/staging.autorenbetreuung.de\/en\/autoren\/michaelfrings\/schriftenreihe-franzoesischdidaktik-im-dialog\/\">Schriftenreihe Franz\u00f6sischdidaktik im Dialog<\/a><\/li>\n<li id=\"menu-item-2504\" class=\"menu-item menu-item-type-post_type menu-item-object-page menu-item-2504\"><a href=\"https:\/\/staging.autorenbetreuung.de\/en\/autoren\/michaelfrings\/sektionsleitungen-lehrveranstaltungen-schriftenverzeichnis\/\">Sektionsleitungen, Lehrveranstaltungen, Schriftenverzeichnis<\/a><\/li>\n<\/ul><\/div><\/div><\/div><div class=\"fusion-sep-clear\"><\/div><div class=\"fusion-separator fusion-full-width-sep\" style=\"margin-left: auto;margin-right: auto;margin-top:20px;width:100%;\"><\/div><div class=\"fusion-sep-clear\"><\/div><div class=\"fusion-clearfix\"><\/div><\/div><\/div><div class=\"fusion-layout-column fusion_builder_column fusion-builder-column-2 fusion_builder_column_2_3 2_3 fusion-two-third fusion-column-last\" style=\"width:65.3333%;margin-top:0px;margin-bottom:20px;\"><div class=\"fusion-column-wrapper fusion-flex-column-wrapper-legacy\" style=\"background-position:left top;background-repeat:no-repeat;-webkit-background-size:cover;-moz-background-size:cover;-o-background-size:cover;background-size:cover;background-color:#ffffff;border-width: 1px 1px 1px 1px;border-color:#e2e2e2;border-style:solid;padding: 40px 60px 40px 60px;\"><div class=\"imageframe-align-center\"><span class=\" fusion-imageframe imageframe-none imageframe-1 hover-type-none\"><img width=\"976\" height=\"180\" title=\"headerbild_frings\" src=\"https:\/\/staging.autorenbetreuung.de\/wp-content\/uploads\/headerbild_frings.jpg\" class=\"img-responsive wp-image-1378\" srcset=\"https:\/\/staging.autorenbetreuung.de\/wp-content\/uploads\/headerbild_frings-200x37.jpg 200w, https:\/\/staging.autorenbetreuung.de\/wp-content\/uploads\/headerbild_frings-400x74.jpg 400w, https:\/\/staging.autorenbetreuung.de\/wp-content\/uploads\/headerbild_frings-600x111.jpg 600w, https:\/\/staging.autorenbetreuung.de\/wp-content\/uploads\/headerbild_frings-800x148.jpg 800w, https:\/\/staging.autorenbetreuung.de\/wp-content\/uploads\/headerbild_frings.jpg 976w\" sizes=\"(max-width: 850px) 100vw, 800px\" \/><\/span><\/div><style type=\"text\/css\">@media only screen and (max-width:850px) {.fusion-title.fusion-title-1{margin-top:20px!important;margin-bottom:20px!important;}}<\/style><div class=\"fusion-title title fusion-title-1 fusion-title-text fusion-title-size-three\" style=\"margin-top:20px;margin-right:0px;margin-bottom:20px;margin-left:0px;\"><h3 class=\"title-heading-left\" style=\"margin:0;\">Willkommen auf meiner Homepage!<\/h3><span class=\"awb-title-spacer\"><\/span><div class=\"title-sep-container\"><div class=\"title-sep sep-\" style=\"border-color:#e0dede;\"><\/div><\/div><\/div><div class=\"fusion-text fusion-text-1\"><p>Auf den folgenden Seiten finden Sie einen \u00dcberblick \u00fcber meine beruflichen T\u00e4tigkeiten und wissenschaftlichen Aktivit\u00e4ten. Ich freue mich insbesondere, wenn Sie Einblicke in die beiden von mir herausgegebenen Schriftenreihen erhalten und ggf. Ihr Interesse an einer Publikation in einer der Schriftenreihen geweckt wird. Ebenso k\u00f6nnen Sie sich \u00fcber die\u00a0<em><a href=\"https:\/\/www.ibidem.eu\/de\/zeitschriften\/zeitschrift-fuer-romanische-sprachen-und-ihre-didaktik.html\">Zeitschrift f\u00fcr Romanische Sprachen und ihre Didaktik<\/a>\u00a0<\/em>informieren, die ich gemeinsam mit Herrn Prof. Dr. Andre Klump (Universit\u00e4t Trier) im Jahr 2006 begr\u00fcndet habe und deren Hauptherausgeber ich zw\u00f6lf Jahre lang bis 2018 gewesen bin. Sollten Sie hier Interesse an einer Mitarbeit haben, k\u00f6nnen Sie sich gerne an meine Nachfolgerin, Frau Prof. Dr. Corinna Koch (Universit\u00e4t M\u00fcnster), wenden:\u00a0<a href=\"mailto:Redaktion@ZRomSD.de\">Redaktion(at)ZRomSD.de<\/a>.<\/p>\n<\/div><div class=\"fusion-clearfix\"><\/div><\/div><\/div><\/div><\/div><div class=\"fusion-fullwidth fullwidth-box fusion-builder-row-2 nonhundred-percent-fullwidth non-hundred-percent-height-scrolling fusion-equal-height-columns\" style=\"background-color: #324a92;background-position: left top;background-repeat: no-repeat;padding-top:20px;padding-right:0px;padding-bottom:90px;padding-left:0px;margin-bottom: 0px;margin-top: 0px;border-width: 0px 0px 0px 0px;border-color:#eae9e9;border-style:solid;\" ><div class=\"fusion-builder-row fusion-row\"><div class=\"fusion-layout-column fusion_builder_column fusion-builder-column-3 fusion_builder_column_1_1 1_1 fusion-one-full fusion-column-first fusion-column-last\" style=\"margin-top:0px;margin-bottom:20px;\"><div class=\"fusion-column-wrapper fusion-flex-column-wrapper-legacy\" style=\"background-position:left top;background-repeat:no-repeat;-webkit-background-size:cover;-moz-background-size:cover;-o-background-size:cover;background-size:cover;padding: 0px 0px 0px 0px;\"><div class=\"fusion-text fusion-text-2\"><p><center><a style=\"color: #000;\" href=\"\/autoren\/michaelfrings\/impressum\" rel=\"noopener noreferrer\">Impressum und Datenschutz<\/a><\/center><\/p>\n<\/div><div class=\"fusion-clearfix\"><\/div><\/div><\/div><\/div><\/div><\/p>\n","protected":false},"excerpt":{"rendered":"","protected":false},"author":2,"featured_media":0,"parent":1212,"menu_order":0,"comment_status":"closed","ping_status":"closed","template":"blank.php","meta":[],"_links":{"self":[{"href":"https:\/\/staging.autorenbetreuung.de\/en\/wp-json\/wp\/v2\/pages\/1214"}],"collection":[{"href":"https:\/\/staging.autorenbetreuung.de\/en\/wp-json\/wp\/v2\/pages"}],"about":[{"href":"https:\/\/staging.autorenbetreuung.de\/en\/wp-json\/wp\/v2\/types\/page"}],"author":[{"embeddable":true,"href":"https:\/\/staging.autorenbetreuung.de\/en\/wp-json\/wp\/v2\/users\/2"}],"replies":[{"embeddable":true,"href":"https:\/\/staging.autorenbetreuung.de\/en\/wp-json\/wp\/v2\/comments?post=1214"}],"version-history":[{"count":18,"href":"https:\/\/staging.autorenbetreuung.de\/en\/wp-json\/wp\/v2\/pages\/1214\/revisions"}],"predecessor-version":[{"id":2359,"href":"https:\/\/staging.autorenbetreuung.de\/en\/wp-json\/wp\/v2\/pages\/1214\/revisions\/2359"}],"up":[{"embeddable":true,"href":"https:\/\/staging.autorenbetreuung.de\/en\/wp-json\/wp\/v2\/pages\/1212"}],"wp:attachment":[{"href":"https:\/\/staging.autorenbetreuung.de\/en\/wp-json\/wp\/v2\/media?parent=1214"}],"curies":[{"name":"wp","href":"https:\/\/api.w.org\/{rel}","templated":true}]}}